{"id":6686,"date":"2021-10-25T11:39:03","date_gmt":"2021-10-25T11:39:03","guid":{"rendered":"https:\/\/ahmedrefaay.tqnia.me\/QSource\/applicant\/"},"modified":"2021-10-25T13:36:14","modified_gmt":"2021-10-25T13:36:14","slug":"applicant","status":"publish","type":"page","link":"https:\/\/ahmedrefaay.tqnia.me\/QSource2\/de\/applicant\/","title":{"rendered":"Antragsteller"},"content":{"rendered":"\t\t<div data-elementor-type=\"wp-page\" data-elementor-id=\"6686\" class=\"elementor elementor-6686\">\n\t\t\t\t\t\t\t\t\t<section data-particle_enable=\"false\" data-particle-mobile-disabled=\"false\" class=\"ob-is-breaking-bad elementor-section elementor-top-section elementor-element elementor-element-423f919 elementor-section-height-min-height elementor-section-boxed elementor-section-height-default elementor-section-items-middle\" data-id=\"423f919\" data-element_type=\"section\" data-settings=\"{&quot;background_background&quot;:&quot;classic&quot;,&quot;_ob_bbad_use_it&quot;:&quot;yes&quot;,&quot;_ob_bbad_sssic_use&quot;:&quot;no&quot;,&quot;_ob_glider_is_slider&quot;:&quot;no&quot;}\">\n\t\t\t\t\t\t\t<div class=\"elementor-background-overlay\"><\/div>\n\t\t\t\t\t\t\t<div class=\"elementor-container elementor-column-gap-default\">\n\t\t\t\t\t<div class=\"elementor-column elementor-col-100 elementor-top-column elementor-element elementor-element-dd288d4\" data-id=\"dd288d4\" data-element_type=\"column\" data-settings=\"{&quot;_ob_bbad_is_stalker&quot;:&quot;no&quot;,&quot;_ob_teleporter_use&quot;:false,&quot;_ob_column_hoveranimator&quot;:&quot;no&quot;,&quot;_ob_column_has_pseudo&quot;:&quot;no&quot;}\">\n\t\t\t<div class=\"elementor-widget-wrap elementor-element-populated\">\n\t\t\t\t\t\t\t\t<div class=\"elementor-element elementor-element-bde3502 ob-harakiri-inherit ob-has-background-overlay elementor-widget elementor-widget-heading\" data-id=\"bde3502\" data-element_type=\"widget\" data-settings=\"{&quot;_ob_harakiri_writing_mode&quot;:&quot;inherit&quot;,&quot;_ob_perspektive_use&quot;:&quot;no&quot;,&quot;_ob_poopart_use&quot;:&quot;yes&quot;,&quot;_ob_shadough_use&quot;:&quot;no&quot;,&quot;_ob_allow_hoveranimator&quot;:&quot;no&quot;,&quot;_ob_widget_stalker_use&quot;:&quot;no&quot;}\" data-widget_type=\"heading.default\">\n\t\t\t\t<div class=\"elementor-widget-container\">\n\t\t\t<style>\/*! elementor - v3.6.5 - 27-04-2022 *\/\n.elementor-heading-title{padding:0;margin:0;line-height:1}.elementor-widget-heading .elementor-heading-title[class*=elementor-size-]>a{color:inherit;font-size:inherit;line-height:inherit}.elementor-widget-heading .elementor-heading-title.elementor-size-small{font-size:15px}.elementor-widget-heading .elementor-heading-title.elementor-size-medium{font-size:19px}.elementor-widget-heading .elementor-heading-title.elementor-size-large{font-size:29px}.elementor-widget-heading .elementor-heading-title.elementor-size-xl{font-size:39px}.elementor-widget-heading .elementor-heading-title.elementor-size-xxl{font-size:59px}<\/style><h2 class=\"elementor-heading-title elementor-size-default\">Dein Traumjob wartet<\/h2>\t\t<\/div>\n\t\t\t\t<\/div>\n\t\t\t\t<div class=\"elementor-element elementor-element-35e6803 ob-harakiri-inherit ob-has-background-overlay elementor-widget elementor-widget-text-editor\" data-id=\"35e6803\" data-element_type=\"widget\" data-settings=\"{&quot;_ob_harakiri_writing_mode&quot;:&quot;inherit&quot;,&quot;_ob_perspektive_use&quot;:&quot;no&quot;,&quot;_ob_poopart_use&quot;:&quot;yes&quot;,&quot;_ob_shadough_use&quot;:&quot;no&quot;,&quot;_ob_allow_hoveranimator&quot;:&quot;no&quot;,&quot;_ob_widget_stalker_use&quot;:&quot;no&quot;}\" data-widget_type=\"text-editor.default\">\n\t\t\t\t<div class=\"elementor-widget-container\">\n\t\t\t<style>\/*! elementor - v3.6.5 - 27-04-2022 *\/\n.elementor-widget-text-editor.elementor-drop-cap-view-stacked .elementor-drop-cap{background-color:#818a91;color:#fff}.elementor-widget-text-editor.elementor-drop-cap-view-framed .elementor-drop-cap{color:#818a91;border:3px solid;background-color:transparent}.elementor-widget-text-editor:not(.elementor-drop-cap-view-default) .elementor-drop-cap{margin-top:8px}.elementor-widget-text-editor:not(.elementor-drop-cap-view-default) .elementor-drop-cap-letter{width:1em;height:1em}.elementor-widget-text-editor .elementor-drop-cap{float:left;text-align:center;line-height:1;font-size:50px}.elementor-widget-text-editor .elementor-drop-cap-letter{display:inline-block}<\/style>\t\t\t\t<p>F\u00fcllen Sie das untenstehende Formular genau aus und geben Sie Ihre Potenziale und Eignung f\u00fcr eine Stellenbewerbung an. F\u00fcllen Sie das untenstehende Formular genau aus und geben Sie Ihre Potenziale und Eignung f\u00fcr eine Stellenbewerbung an.<\/p>\t\t\t\t\t\t<\/div>\n\t\t\t\t<\/div>\n\t\t\t\t\t<\/div>\n\t\t<\/div>\n\t\t\t\t\t\t\t<\/div>\n\t\t<\/section>\n\t\t\t\t<section data-particle_enable=\"false\" data-particle-mobile-disabled=\"false\" class=\"ob-is-breaking-bad elementor-section elementor-top-section elementor-element elementor-element-a0e3b79 elementor-section-boxed elementor-section-height-default elementor-section-height-default\" data-id=\"a0e3b79\" data-element_type=\"section\" data-settings=\"{&quot;_ob_bbad_use_it&quot;:&quot;yes&quot;,&quot;_ob_bbad_sssic_use&quot;:&quot;no&quot;,&quot;_ob_glider_is_slider&quot;:&quot;no&quot;}\">\n\t\t\t\t\t\t<div class=\"elementor-container elementor-column-gap-default\">\n\t\t\t\t\t<div class=\"elementor-column elementor-col-100 elementor-top-column elementor-element elementor-element-875d573\" data-id=\"875d573\" data-element_type=\"column\" data-settings=\"{&quot;_ob_bbad_is_stalker&quot;:&quot;no&quot;,&quot;_ob_teleporter_use&quot;:false,&quot;_ob_column_hoveranimator&quot;:&quot;no&quot;,&quot;_ob_column_has_pseudo&quot;:&quot;no&quot;}\">\n\t\t\t<div class=\"elementor-widget-wrap elementor-element-populated\">\n\t\t\t\t\t\t\t\t<div class=\"elementor-element elementor-element-e389a38 ob-has-background-overlay elementor-widget elementor-widget-wp-widget-quform-widget\" data-id=\"e389a38\" data-element_type=\"widget\" data-settings=\"{&quot;_ob_perspektive_use&quot;:&quot;no&quot;,&quot;_ob_poopart_use&quot;:&quot;yes&quot;,&quot;_ob_shadough_use&quot;:&quot;no&quot;,&quot;_ob_allow_hoveranimator&quot;:&quot;no&quot;,&quot;_ob_widget_stalker_use&quot;:&quot;no&quot;}\" data-widget_type=\"wp-widget-quform-widget.default\">\n\t\t\t\t<div class=\"elementor-widget-container\">\n\t\t\t<div id=\"quform-e4bbef\" class=\"quform quform-4 quform-support-page-caching\"><form id=\"quform-form-e4bbef\" class=\"quform-form quform-form-4\" action=\"\/QSource2\/de\/wp-json\/wp\/v2\/pages\/6686#quform-e4bbef\" method=\"post\" enctype=\"multipart\/form-data\" novalidate=\"novalidate\" data-options=\"{&quot;id&quot;:4,&quot;uniqueId&quot;:&quot;e4bbef&quot;,&quot;theme&quot;:&quot;&quot;,&quot;ajax&quot;:true,&quot;logic&quot;:{&quot;logic&quot;:[],&quot;dependents&quot;:[],&quot;elementIds&quot;:[],&quot;dependentElementIds&quot;:[],&quot;animate&quot;:true},&quot;currentPageId&quot;:1,&quot;errorsIcon&quot;:&quot;&quot;,&quot;updateFancybox&quot;:true,&quot;hasPages&quot;:false,&quot;pages&quot;:[1],&quot;pageProgressType&quot;:&quot;numbers&quot;,&quot;tooltipsEnabled&quot;:true,&quot;tooltipClasses&quot;:&quot;qtip-quform-dark qtip-shadow&quot;,&quot;tooltipMy&quot;:&quot;left center&quot;,&quot;tooltipAt&quot;:&quot;right center&quot;,&quot;isRtl&quot;:false,&quot;scrollOffset&quot;:-50,&quot;scrollSpeed&quot;:800}\"><button class=\"quform-default-submit\" name=\"quform_submit\" type=\"submit\" value=\"submit\" aria-hidden=\"true\"><\/button><div class=\"quform-form-inner quform-form-inner-4\"><input type=\"hidden\" name=\"quform_form_id\" value=\"4\" \/><input type=\"hidden\" name=\"quform_form_uid\" value=\"e4bbef\" \/><input type=\"hidden\" name=\"quform_count\" value=\"1\" \/><input type=\"hidden\" name=\"form_url\" value=\"https:\/\/ahmedrefaay.tqnia.me\/QSource2\/de\/wp-json\/wp\/v2\/pages\/6686\" \/><input type=\"hidden\" name=\"referring_url\" value=\"\" \/><input type=\"hidden\" name=\"post_id\" value=\"\" \/><input type=\"hidden\" name=\"post_title\" value=\"\" \/><input type=\"hidden\" name=\"quform_current_page_id\" value=\"1\" \/><input type=\"hidden\" name=\"quform_csrf_token\" value=\"yFxBa37GV0WLTOOOx6WE2X6uzPGOODKcODiAi7o9\" \/><div class=\"quform-form-title-description\"><h2 class=\"quform-form-title\">Sich f\u00fcr den Job bewerben<\/h2><\/div><div class=\"quform-elements quform-elements-4 quform-cf quform-responsive-elements-phone-landscape\"><div class=\"quform-element quform-element-page quform-page-1 quform-page-4_1 quform-cf quform-group-style-plain quform-first-page quform-last-page quform-current-page\"><div class=\"quform-child-elements\"><div class=\"quform-element quform-element-row quform-element-row-4_9 quform-2-columns quform-element-row-size-fixed quform-responsive-columns-phone-landscape\"><div class=\"quform-element quform-element-column quform-element-4_10\"><div class=\"quform-element quform-element-html quform-element-4_12 quform-cf\"><div class=\"quform-spacer\"><h3>Name:<span style=\"color: #b01116;\">*<\/span><\/h3><\/div><\/div><\/div><div class=\"quform-element quform-element-column quform-element-4_11\"><div class=\"quform-element quform-element-row quform-element-row-4_4 quform-2-columns quform-element-row-size-fixed quform-responsive-columns-phone-landscape\"><div class=\"quform-element quform-element-column quform-element-4_5\"><div class=\"quform-element quform-element-text quform-element-4_7 quform-cf quform-element-required\"><div class=\"quform-spacer\"><div class=\"quform-label quform-label-4_7\"><label class=\"quform-label-text\" for=\"quform_4_7_e4bbef\">Vorname<span class=\"quform-required\">*<\/span><\/label><\/div><div class=\"quform-inner quform-inner-text quform-inner-4_7\"><div class=\"quform-input quform-input-text quform-input-4_7 quform-cf\"><input type=\"text\" id=\"quform_4_7_e4bbef\" name=\"quform_4_7\" class=\"quform-field quform-field-text quform-field-4_7\" \/><\/div><\/div><\/div><\/div><\/div><div class=\"quform-element quform-element-column quform-element-4_6\"><div class=\"quform-element quform-element-text quform-element-4_8 quform-cf quform-element-required\"><div class=\"quform-spacer\"><div class=\"quform-label quform-label-4_8\"><label class=\"quform-label-text\" for=\"quform_4_8_e4bbef\">Nachname<span class=\"quform-required\">*<\/span><\/label><\/div><div class=\"quform-inner quform-inner-text quform-inner-4_8\"><div class=\"quform-input quform-input-text quform-input-4_8 quform-cf\"><input type=\"text\" id=\"quform_4_8_e4bbef\" name=\"quform_4_8\" class=\"quform-field quform-field-text quform-field-4_8\" \/><\/div><\/div><\/div><\/div><\/div><\/div><\/div><\/div><div class=\"quform-element quform-element-row quform-element-row-4_13 quform-2-columns quform-element-row-size-fixed quform-responsive-columns-phone-landscape\"><div class=\"quform-element quform-element-column quform-element-4_14\"><div class=\"quform-element quform-element-html quform-element-4_15 quform-cf\"><div class=\"quform-spacer\"><h3>Telefonnummer:<span style=\"color: #b01116;\">*<\/span><\/h3><\/div><\/div><\/div><div class=\"quform-element quform-element-column quform-element-4_16\"><div class=\"quform-element quform-element-row quform-element-row-4_17 quform-2-columns quform-element-row-size-fixed quform-responsive-columns-phone-landscape\"><div class=\"quform-element quform-element-column quform-element-4_18\"><div class=\"quform-element quform-element-text quform-element-4_19 quform-cf quform-element-required\"><div class=\"quform-spacer\"><div class=\"quform-label quform-label-4_19\"><label class=\"quform-label-text\" for=\"quform_4_19_e4bbef\">Vorwahl<span class=\"quform-required\">*<\/span><\/label><\/div><div class=\"quform-inner quform-inner-text quform-inner-4_19\"><div class=\"quform-input quform-input-text quform-input-4_19 quform-cf\"><input type=\"text\" id=\"quform_4_19_e4bbef\" name=\"quform_4_19\" class=\"quform-field quform-field-text quform-field-4_19\" \/><\/div><\/div><\/div><\/div><\/div><div class=\"quform-element quform-element-column quform-element-4_20\"><div class=\"quform-element quform-element-text quform-element-4_21 quform-cf quform-element-required\"><div class=\"quform-spacer\"><div class=\"quform-label quform-label-4_21\"><label class=\"quform-label-text\" for=\"quform_4_21_e4bbef\">Telefonnummer<span class=\"quform-required\">*<\/span><\/label><\/div><div class=\"quform-inner quform-inner-text quform-inner-4_21\"><div class=\"quform-input quform-input-text quform-input-4_21 quform-cf\"><input type=\"text\" id=\"quform_4_21_e4bbef\" name=\"quform_4_21\" class=\"quform-field quform-field-text quform-field-4_21\" \/><\/div><\/div><\/div><\/div><\/div><\/div><\/div><\/div><div class=\"quform-element quform-element-row quform-element-row-4_22 quform-2-columns quform-element-row-size-fixed quform-responsive-columns-phone-landscape\"><div class=\"quform-element quform-element-column quform-element-4_23\"><div class=\"quform-element quform-element-html quform-element-4_24 quform-cf\"><div class=\"quform-spacer\"><h3>E-Mail-Addresse:<\/h3><\/div><\/div><\/div><div class=\"quform-element quform-element-column quform-element-4_25\"><div class=\"quform-element quform-element-email quform-element-4_36 quform-cf quform-element-optional\"><div class=\"quform-spacer\"><div class=\"quform-label quform-label-4_36\"><label class=\"quform-label-text\" for=\"quform_4_36_e4bbef\">Email<\/label><\/div><div class=\"quform-inner quform-inner-email quform-inner-4_36\"><div class=\"quform-input quform-input-email quform-input-4_36 quform-cf\"><input type=\"email\" id=\"quform_4_36_e4bbef\" name=\"quform_4_36\" class=\"quform-field quform-field-email quform-field-4_36\" \/><\/div><\/div><\/div><\/div><\/div><\/div><div class=\"quform-element quform-element-row quform-element-row-4_37 quform-2-columns quform-element-row-size-fixed quform-responsive-columns-phone-landscape\"><div class=\"quform-element quform-element-column quform-element-4_38\"><div class=\"quform-element quform-element-html quform-element-4_39 quform-cf\"><div class=\"quform-spacer\"><h3>Die Anschrift:<span style=\"color: #b01116;\">*<\/span><\/h3><\/div><\/div><\/div><div class=\"quform-element quform-element-column quform-element-4_40\"><div class=\"quform-element quform-element-text quform-element-4_42 quform-cf quform-element-required\"><div class=\"quform-spacer\"><div class=\"quform-label quform-label-4_42\"><label class=\"quform-label-text\" for=\"quform_4_42_e4bbef\">Adresse<span class=\"quform-required\">*<\/span><\/label><\/div><div class=\"quform-inner quform-inner-text quform-inner-4_42\"><div class=\"quform-input quform-input-text quform-input-4_42 quform-cf\"><input type=\"text\" id=\"quform_4_42_e4bbef\" name=\"quform_4_42\" class=\"quform-field quform-field-text quform-field-4_42\" \/><\/div><\/div><\/div><\/div><div class=\"quform-element quform-element-text quform-element-4_43 quform-cf quform-element-required\"><div class=\"quform-spacer\"><div class=\"quform-label quform-label-4_43\"><label class=\"quform-label-text\" for=\"quform_4_43_e4bbef\">Stra\u00dfe Adresszeile 2<span class=\"quform-required\">*<\/span><\/label><\/div><div class=\"quform-inner quform-inner-text quform-inner-4_43\"><div class=\"quform-input quform-input-text quform-input-4_43 quform-cf\"><input type=\"text\" id=\"quform_4_43_e4bbef\" name=\"quform_4_43\" class=\"quform-field quform-field-text quform-field-4_43\" \/><\/div><\/div><\/div><\/div><div class=\"quform-element quform-element-row quform-element-row-4_44 quform-2-columns quform-element-row-size-fixed quform-responsive-columns-phone-landscape\"><div class=\"quform-element quform-element-column quform-element-4_45\"><div class=\"quform-element quform-element-text quform-element-4_48 quform-cf quform-element-required\"><div class=\"quform-spacer\"><div class=\"quform-label quform-label-4_48\"><label class=\"quform-label-text\" for=\"quform_4_48_e4bbef\">Stadt<span class=\"quform-required\">*<\/span><\/label><\/div><div class=\"quform-inner quform-inner-text quform-inner-4_48\"><div class=\"quform-input quform-input-text quform-input-4_48 quform-cf\"><input type=\"text\" id=\"quform_4_48_e4bbef\" name=\"quform_4_48\" class=\"quform-field quform-field-text quform-field-4_48\" \/><\/div><\/div><\/div><\/div><\/div><div class=\"quform-element quform-element-column quform-element-4_46\"><div class=\"quform-element quform-element-text quform-element-4_47 quform-cf quform-element-required\"><div class=\"quform-spacer\"><div class=\"quform-label quform-label-4_47\"><label class=\"quform-label-text\" for=\"quform_4_47_e4bbef\">Bundesland \/ Provinz<span class=\"quform-required\">*<\/span><\/label><\/div><div class=\"quform-inner quform-inner-text quform-inner-4_47\"><div class=\"quform-input quform-input-text quform-input-4_47 quform-cf\"><input type=\"text\" id=\"quform_4_47_e4bbef\" name=\"quform_4_47\" class=\"quform-field quform-field-text quform-field-4_47\" \/><\/div><\/div><\/div><\/div><\/div><\/div><div class=\"quform-element quform-element-row quform-element-row-4_49 quform-2-columns quform-element-row-size-fixed quform-responsive-columns-phone-landscape\"><div class=\"quform-element quform-element-column quform-element-4_50\"><div class=\"quform-element quform-element-text quform-element-4_51 quform-cf quform-element-required\"><div class=\"quform-spacer\"><div class=\"quform-label quform-label-4_51\"><label class=\"quform-label-text\" for=\"quform_4_51_e4bbef\">Postleitzahl \/ Postleitzahl<span class=\"quform-required\">*<\/span><\/label><\/div><div class=\"quform-inner quform-inner-text quform-inner-4_51\"><div class=\"quform-input quform-input-text quform-input-4_51 quform-cf\"><input type=\"text\" id=\"quform_4_51_e4bbef\" name=\"quform_4_51\" class=\"quform-field quform-field-text quform-field-4_51\" \/><\/div><\/div><\/div><\/div><\/div><div class=\"quform-element quform-element-column quform-element-4_52\"><\/div><\/div><\/div><\/div><div class=\"quform-element quform-element-row quform-element-row-4_54 quform-2-columns quform-element-row-size-fixed quform-responsive-columns-phone-landscape\"><div class=\"quform-element quform-element-column quform-element-4_55\"><div class=\"quform-element quform-element-html quform-element-4_56 quform-cf\"><div class=\"quform-spacer\"><h3>Beschreiben Sie Ihre F\u00e4higkeiten:<span style=\"color: #b01116;\">*<\/span><\/h3><\/div><\/div><\/div><div class=\"quform-element quform-element-column quform-element-4_57\"><div class=\"quform-element quform-element-textarea quform-element-4_60 quform-cf quform-element-required\"><div class=\"quform-spacer\"><div class=\"quform-label quform-label-4_60\"><label class=\"quform-label-text\" for=\"quform_4_60_e4bbef\">Beschreibe dich selbst<span class=\"quform-required\">*<\/span><\/label><\/div><div class=\"quform-inner quform-inner-textarea quform-inner-4_60\"><div class=\"quform-input quform-input-textarea quform-input-4_60 quform-cf\"><textarea id=\"quform_4_60_e4bbef\" name=\"quform_4_60\" class=\"quform-field quform-field-textarea quform-field-4_60\"><\/textarea><\/div><\/div><\/div><\/div><\/div><\/div><div class=\"quform-element quform-element-row quform-element-row-4_61 quform-2-columns quform-element-row-size-fixed quform-responsive-columns-phone-landscape\"><div class=\"quform-element quform-element-column quform-element-4_62\"><\/div><div class=\"quform-element quform-element-column quform-element-4_64\"><div class=\"quform-element quform-element-file quform-element-4_66 quform-cf quform-element-required\"><div class=\"quform-spacer\"><div class=\"quform-label quform-label-4_66\"><label class=\"quform-label-text\" for=\"quform_4_66_e4bbef\">Laden Sie Ihren Lebenslauf hoch<span class=\"quform-required\">*<\/span><\/label><\/div><div class=\"quform-inner quform-inner-file quform-inner-4_66\"><div class=\"quform-input quform-input-file quform-input-4_66 quform-cf quform-button-style-theme\"><input type=\"file\" id=\"quform_4_66_e4bbef\" name=\"quform_4_66[]\" class=\"quform-field quform-field-file quform-field-4_66 quform-field-file-enhanced\" data-config=\"{&quot;id&quot;:66,&quot;identifier&quot;:&quot;4_66&quot;,&quot;name&quot;:&quot;quform_4_66&quot;,&quot;max&quot;:1,&quot;size&quot;:10485760,&quot;allowedExtensions&quot;:[&quot;pdf&quot;,&quot;doc&quot;,&quot;docx&quot;],&quot;notAllowedTypeWithFilename&quot;:&quot;File type of &#039;%filename%&#039; is not allowed&quot;,&quot;tooBigWithFilename&quot;:&quot;File &#039;%filename%&#039; exceeds the maximum allowed file size&quot;,&quot;tooMany&quot;:&quot;You cannot upload more than %max% file(s)&quot;,&quot;buttonType&quot;:&quot;button&quot;,&quot;buttonText&quot;:&quot;Datei w\\u00e4hlen&quot;,&quot;buttonIcon&quot;:&quot;&quot;,&quot;buttonIconPosition&quot;:&quot;right&quot;}\" \/><\/div><p class=\"quform-description quform-description-below\">Erlaubte Dateien: pdf,doc,docx.<\/p><\/div><\/div><\/div><\/div><\/div><div class=\"quform-element quform-element-row quform-element-row-4_70 quform-2-columns quform-element-row-size-fixed quform-responsive-columns-phone-landscape\"><div class=\"quform-element quform-element-column quform-element-4_71\"><\/div><div class=\"quform-element quform-element-column quform-element-4_72\"><div class=\"quform-element quform-element-checkbox quform-element-4_74 quform-cf quform-element-required\"><div class=\"quform-spacer\"><div class=\"quform-inner quform-inner-checkbox quform-inner-4_74\"><div class=\"quform-input quform-input-checkbox quform-input-4_74 quform-cf\"><div class=\"quform-options quform-cf quform-options-block quform-options-simple\"><div class=\"quform-option\"><input type=\"checkbox\" name=\"quform_4_74[]\" id=\"quform_4_74_e4bbef_1\" class=\"quform-field quform-field-checkbox quform-field-4_74 quform-field-4_74_1\" value=\"Mit diesem Formular erkl\u00e4ren Sie sich damit einverstanden, Ihre Daten durch diese Site zu speichern und zu verarbeiten\" \/><label for=\"quform_4_74_e4bbef_1\" class=\"quform-option-label quform-option-label-4_74_1\"><span class=\"quform-option-text\">Mit diesem Formular erkl\u00e4ren Sie sich damit einverstanden, Ihre Daten durch diese Site zu speichern und zu verarbeiten<\/span><\/label><\/div><\/div><\/div><\/div><\/div><\/div><\/div><\/div><div class=\"quform-element quform-element-row quform-element-row-4_67 quform-2-columns quform-element-row-size-fixed quform-responsive-columns-phone-landscape\"><div class=\"quform-element quform-element-column quform-element-4_68\"><\/div><div class=\"quform-element quform-element-column quform-element-4_69\"><div class=\"quform-element quform-element-submit quform-element-4_2 quform-cf quform-button-style-theme\"><div class=\"quform-button-submit quform-button-submit-default quform-button-submit-4_2\"><button name=\"quform_submit\" type=\"submit\" class=\"quform-submit\" value=\"submit\"><span class=\"quform-button-text quform-button-submit-text\">Anwenden<\/span><\/button><\/div><div class=\"quform-loading quform-loading-position-left quform-loading-type-spinner-1\"><div class=\"quform-loading-inner\"><div class=\"quform-loading-spinner\"><div class=\"quform-loading-spinner-inner\"><\/div><\/div><\/div><\/div><\/div><\/div><\/div><div class=\"quform-element-tree\"><label for=\"quform_4_0_e4bbef\">This field should be left blank<\/label><input type=\"text\" id=\"quform_4_0_e4bbef\" name=\"quform_4_0\" class=\"quform-field quform-field-tree quform-field-4_0\" tabindex=\"-1\" autocomplete=\"off\" \/><\/div><\/div><\/div><\/div><div class=\"quform-upload-progress-wrap\"><div class=\"quform-upload-progress-bar-wrap\"><div class=\"quform-upload-progress-bar\"><\/div><\/div><div class=\"quform-upload-info quform-cf\"><div class=\"quform-upload-filename\"><\/div><\/div><\/div><\/div><\/form><\/div>\t\t<\/div>\n\t\t\t\t<\/div>\n\t\t\t\t\t<\/div>\n\t\t<\/div>\n\t\t\t\t\t\t\t<\/div>\n\t\t<\/section>\n\t\t\t\t\t\t\t<\/div>\n\t\t","protected":false},"excerpt":{"rendered":"<p>Dein Traumjob wartet F\u00fcllen Sie das untenstehende Formular genau aus und geben Sie Ihre Potenziale und Eignung f\u00fcr eine Stellenbewerbung [&hellip;]<\/p>\n","protected":false},"author":1,"featured_media":0,"parent":0,"menu_order":0,"comment_status":"closed","ping_status":"closed","template":"elementor_header_footer","meta":{"footnotes":""},"class_list":["post-6686","page","type-page","status-publish","hentry"],"acf":[],"_links":{"self":[{"href":"https:\/\/ahmedrefaay.tqnia.me\/QSource2\/de\/wp-json\/wp\/v2\/pages\/6686","targetHints":{"allow":["GET"]}}],"collection":[{"href":"https:\/\/ahmedrefaay.tqnia.me\/QSource2\/de\/wp-json\/wp\/v2\/pages"}],"about":[{"href":"https:\/\/ahmedrefaay.tqnia.me\/QSource2\/de\/wp-json\/wp\/v2\/types\/page"}],"author":[{"embeddable":true,"href":"https:\/\/ahmedrefaay.tqnia.me\/QSource2\/de\/wp-json\/wp\/v2\/users\/1"}],"replies":[{"embeddable":true,"href":"https:\/\/ahmedrefaay.tqnia.me\/QSource2\/de\/wp-json\/wp\/v2\/comments?post=6686"}],"version-history":[{"count":7,"href":"https:\/\/ahmedrefaay.tqnia.me\/QSource2\/de\/wp-json\/wp\/v2\/pages\/6686\/revisions"}],"predecessor-version":[{"id":6693,"href":"https:\/\/ahmedrefaay.tqnia.me\/QSource2\/de\/wp-json\/wp\/v2\/pages\/6686\/revisions\/6693"}],"wp:attachment":[{"href":"https:\/\/ahmedrefaay.tqnia.me\/QSource2\/de\/wp-json\/wp\/v2\/media?parent=6686"}],"curies":[{"name":"wp","href":"https:\/\/api.w.org\/{rel}","templated":true}]}}