{"id":6704,"date":"2021-10-25T13:53:45","date_gmt":"2021-10-25T13:53:45","guid":{"rendered":"https:\/\/ahmedrefaay.tqnia.me\/QSource\/student\/"},"modified":"2021-11-10T23:33:37","modified_gmt":"2021-11-10T23:33:37","slug":"student","status":"publish","type":"page","link":"https:\/\/ahmedrefaay.tqnia.me\/QSource2\/de\/student\/","title":{"rendered":"Student"},"content":{"rendered":"\t\t<div data-elementor-type=\"wp-page\" data-elementor-id=\"6704\" class=\"elementor elementor-6704\">\n\t\t\t\t\t\t\t\t\t<section data-particle_enable=\"false\" data-particle-mobile-disabled=\"false\" class=\"ob-is-breaking-bad elementor-section elementor-top-section elementor-element elementor-element-0d48227 elementor-section-height-min-height elementor-section-boxed elementor-section-height-default elementor-section-items-middle\" data-id=\"0d48227\" data-element_type=\"section\" data-settings=\"{&quot;background_background&quot;:&quot;classic&quot;,&quot;_ob_bbad_use_it&quot;:&quot;yes&quot;,&quot;_ob_bbad_sssic_use&quot;:&quot;no&quot;,&quot;_ob_glider_is_slider&quot;:&quot;no&quot;}\">\n\t\t\t\t\t\t\t<div class=\"elementor-background-overlay\"><\/div>\n\t\t\t\t\t\t\t<div class=\"elementor-container elementor-column-gap-default\">\n\t\t\t\t\t<div class=\"elementor-column elementor-col-100 elementor-top-column elementor-element elementor-element-e490bd9\" data-id=\"e490bd9\" data-element_type=\"column\" data-settings=\"{&quot;_ob_bbad_is_stalker&quot;:&quot;no&quot;,&quot;_ob_teleporter_use&quot;:false,&quot;_ob_column_hoveranimator&quot;:&quot;no&quot;,&quot;_ob_column_has_pseudo&quot;:&quot;no&quot;}\">\n\t\t\t<div class=\"elementor-widget-wrap elementor-element-populated\">\n\t\t\t\t\t\t\t\t<div class=\"elementor-element elementor-element-d182b27 ob-harakiri-inherit ob-has-background-overlay elementor-widget elementor-widget-heading\" data-id=\"d182b27\" data-element_type=\"widget\" data-settings=\"{&quot;_ob_harakiri_writing_mode&quot;:&quot;inherit&quot;,&quot;_ob_perspektive_use&quot;:&quot;no&quot;,&quot;_ob_poopart_use&quot;:&quot;yes&quot;,&quot;_ob_shadough_use&quot;:&quot;no&quot;,&quot;_ob_allow_hoveranimator&quot;:&quot;no&quot;,&quot;_ob_widget_stalker_use&quot;:&quot;no&quot;}\" data-widget_type=\"heading.default\">\n\t\t\t\t<div class=\"elementor-widget-container\">\n\t\t\t<style>\/*! elementor - v3.6.5 - 27-04-2022 *\/\n.elementor-heading-title{padding:0;margin:0;line-height:1}.elementor-widget-heading .elementor-heading-title[class*=elementor-size-]>a{color:inherit;font-size:inherit;line-height:inherit}.elementor-widget-heading .elementor-heading-title.elementor-size-small{font-size:15px}.elementor-widget-heading .elementor-heading-title.elementor-size-medium{font-size:19px}.elementor-widget-heading .elementor-heading-title.elementor-size-large{font-size:29px}.elementor-widget-heading .elementor-heading-title.elementor-size-xl{font-size:39px}.elementor-widget-heading .elementor-heading-title.elementor-size-xxl{font-size:59px}<\/style><h2 class=\"elementor-heading-title elementor-size-default\">Dein Traumjob wartet<\/h2>\t\t<\/div>\n\t\t\t\t<\/div>\n\t\t\t\t<div class=\"elementor-element elementor-element-24f8302 ob-harakiri-inherit ob-has-background-overlay elementor-widget elementor-widget-text-editor\" data-id=\"24f8302\" data-element_type=\"widget\" data-settings=\"{&quot;_ob_harakiri_writing_mode&quot;:&quot;inherit&quot;,&quot;_ob_perspektive_use&quot;:&quot;no&quot;,&quot;_ob_poopart_use&quot;:&quot;yes&quot;,&quot;_ob_shadough_use&quot;:&quot;no&quot;,&quot;_ob_allow_hoveranimator&quot;:&quot;no&quot;,&quot;_ob_widget_stalker_use&quot;:&quot;no&quot;}\" data-widget_type=\"text-editor.default\">\n\t\t\t\t<div class=\"elementor-widget-container\">\n\t\t\t<style>\/*! elementor - v3.6.5 - 27-04-2022 *\/\n.elementor-widget-text-editor.elementor-drop-cap-view-stacked .elementor-drop-cap{background-color:#818a91;color:#fff}.elementor-widget-text-editor.elementor-drop-cap-view-framed .elementor-drop-cap{color:#818a91;border:3px solid;background-color:transparent}.elementor-widget-text-editor:not(.elementor-drop-cap-view-default) .elementor-drop-cap{margin-top:8px}.elementor-widget-text-editor:not(.elementor-drop-cap-view-default) .elementor-drop-cap-letter{width:1em;height:1em}.elementor-widget-text-editor .elementor-drop-cap{float:left;text-align:center;line-height:1;font-size:50px}.elementor-widget-text-editor .elementor-drop-cap-letter{display:inline-block}<\/style>\t\t\t\tF\u00fcllen Sie das untenstehende Formular genau aus und geben Sie Ihre Potenziale und Eignung f\u00fcr eine Stellenbewerbung an. F\u00fcllen Sie das untenstehende Formular genau aus und geben Sie Ihre Potenziale und Eignung f\u00fcr eine Stellenbewerbung an.\t\t\t\t\t\t<\/div>\n\t\t\t\t<\/div>\n\t\t\t\t\t<\/div>\n\t\t<\/div>\n\t\t\t\t\t\t\t<\/div>\n\t\t<\/section>\n\t\t\t\t<section data-particle_enable=\"false\" data-particle-mobile-disabled=\"false\" class=\"ob-is-breaking-bad elementor-section elementor-top-section elementor-element elementor-element-f37c8f3 regform elementor-section-boxed elementor-section-height-default elementor-section-height-default\" data-id=\"f37c8f3\" data-element_type=\"section\" data-settings=\"{&quot;_ob_bbad_use_it&quot;:&quot;yes&quot;,&quot;_ob_bbad_sssic_use&quot;:&quot;no&quot;,&quot;_ob_glider_is_slider&quot;:&quot;no&quot;}\">\n\t\t\t\t\t\t<div class=\"elementor-container elementor-column-gap-default\">\n\t\t\t\t\t<div class=\"elementor-column elementor-col-100 elementor-top-column elementor-element elementor-element-912d784\" data-id=\"912d784\" data-element_type=\"column\" data-settings=\"{&quot;_ob_bbad_is_stalker&quot;:&quot;no&quot;,&quot;_ob_teleporter_use&quot;:false,&quot;_ob_column_hoveranimator&quot;:&quot;no&quot;,&quot;_ob_column_has_pseudo&quot;:&quot;no&quot;}\">\n\t\t\t<div class=\"elementor-widget-wrap elementor-element-populated\">\n\t\t\t\t\t\t\t\t<div class=\"elementor-element elementor-element-d2469f6 ob-has-background-overlay elementor-widget elementor-widget-html\" data-id=\"d2469f6\" data-element_type=\"widget\" data-settings=\"{&quot;_ob_perspektive_use&quot;:&quot;no&quot;,&quot;_ob_poopart_use&quot;:&quot;yes&quot;,&quot;_ob_shadough_use&quot;:&quot;no&quot;,&quot;_ob_allow_hoveranimator&quot;:&quot;no&quot;,&quot;_ob_widget_stalker_use&quot;:&quot;no&quot;}\" data-widget_type=\"html.default\">\n\t\t\t\t<div class=\"elementor-widget-container\">\n\t\t\t\t<div class='user-registration ur-frontend-form  ' id='user-registration-form-6955'>\n\t\t<form method='post' class='register' data-form-id=\"6955\"\n\t\t\t  data-enable-strength-password=\"\" data-minimum-password-strength=\"3\"  \"enctype=multipart\/form-data\" data-captcha-enabled=\"\">\n\n\t\t\t\t\t\t\t\t\t<div class='ur-form-row'>\n\t\t\t\t\t\t\t\t\t\t\t\t\t\t\t\t<div class=\"ur-form-grid ur-grid-1\"\n\t\t\t\t\t\t\t\t\t\t\t style=\"width:99%\">\n\t\t\t\t\t\t\t\t\t\t\t\t\t\t\t\t\t\t\t\t\t\t\t\t<div  data-field-id=\"section_title_1636458843\" class=\"ur-field-item field-section_title \">\n\t\t\t\t\t\t\t\t\t\t\t\t\t<h3 id=\"section_title_1636458843\">Studentin<\/h3> <input type=\"hidden\" data-rules=\"\" data-id=\"section_title_1636458843\" value=\"\" class=\" ur-frontend-field  \" name=\"section_title_1636458843\" id=\"section_title_1636458843\" \/> \t\t\t\t\t\t\t\t\t\t\t\t\t\t\t<\/div>\n\t\t\t\t\t\t\t\t\t\t\t\t\t\t\t\t\t\t\t\t\t\t\t<\/div>\n\t\t\t\t\t\t\t\t\t\t\t\t\t\t\t<\/div>\n\t\t\t\t\t\t\t\t\t\t<div class='ur-form-row'>\n\t\t\t\t\t\t\t\t\t\t\t\t\t\t\t\t<div class=\"ur-form-grid ur-grid-1\"\n\t\t\t\t\t\t\t\t\t\t\t style=\"width:30%\">\n\t\t\t\t\t\t\t\t\t\t\t\t\t\t\t\t\t\t\t\t\t\t\t\t<div  data-field-id=\"html_1636455481735\" class=\"ur-field-item field-html \">\n\t\t\t\t\t\t\t\t\t\t\t\t\t<p class=\"form-row \" id=\"html_1636455481735\" data-priority=\"\">Name:* <input type=\"hidden\" data-rules=\"\" data-id=\"html_1636455481735\" value=\"\" class=\" ur-frontend-field \" name=\"html_1636455481735\" id=\"html_1636455481735\" \/> <span id=\"html_1636455481735\"><\/span><\/p>\t\t\t\t\t\t\t\t\t\t\t\t\t\t\t<\/div>\n\t\t\t\t\t\t\t\t\t\t\t\t\t\t\t\t\t\t\t\t\t\t\t<\/div>\n\t\t\t\t\t\t\t\t\t\t\t\t\t\t\t\t\t\t\t<div class=\"ur-form-grid ur-grid-2\"\n\t\t\t\t\t\t\t\t\t\t\t style=\"width:30%\">\n\t\t\t\t\t\t\t\t\t\t\t\t\t\t\t\t\t\t\t\t\t\t\t\t<div  data-field-id=\"first_name\" class=\"ur-field-item field-first_name \">\n\t\t\t\t\t\t\t\t\t\t\t\t\t<div class=\"form-row validate-required\" id=\"first_name_field\" data-priority=\"\" ><label for=\"first_name\" class=\"ur-label\">Vorname <abbr class=\"required\" title=\"required\">*<\/abbr><\/label> <span class=\"input-wrapper\"> <input data-rules=\"\" data-id=\"first_name\" type=\"text\" class=\"input-text without_icon input-text ur-frontend-field  \" name=\"first_name\" id=\"first_name\" placeholder=\"\"  value=\"\" required=\"required\" data-label=\"Vorname\" \/> <\/span> <\/div>\t\t\t\t\t\t\t\t\t\t\t\t\t\t\t<\/div>\n\t\t\t\t\t\t\t\t\t\t\t\t\t\t\t\t\t\t\t\t\t\t\t<\/div>\n\t\t\t\t\t\t\t\t\t\t\t\t\t\t\t\t\t\t\t<div class=\"ur-form-grid ur-grid-3\"\n\t\t\t\t\t\t\t\t\t\t\t style=\"width:30%\">\n\t\t\t\t\t\t\t\t\t\t\t\t\t\t\t\t\t\t\t\t\t\t\t\t<div  data-field-id=\"last_name\" class=\"ur-field-item field-last_name \">\n\t\t\t\t\t\t\t\t\t\t\t\t\t<div class=\"form-row validate-required\" id=\"last_name_field\" data-priority=\"\" ><label for=\"last_name\" class=\"ur-label\">Nachname <abbr class=\"required\" title=\"required\">*<\/abbr><\/label> <span class=\"input-wrapper\"> <input data-rules=\"\" data-id=\"last_name\" type=\"text\" class=\"input-text without_icon input-text ur-frontend-field  \" name=\"last_name\" id=\"last_name\" placeholder=\"\"  value=\"\" required=\"required\" data-label=\"Nachname\" \/> <\/span> <\/div>\t\t\t\t\t\t\t\t\t\t\t\t\t\t\t<\/div>\n\t\t\t\t\t\t\t\t\t\t\t\t\t\t\t\t\t\t\t\t\t\t\t<\/div>\n\t\t\t\t\t\t\t\t\t\t\t\t\t\t\t<\/div>\n\t\t\t\t\t\t\t\t\t\t<div class='ur-form-row'>\n\t\t\t\t\t\t\t\t\t\t\t\t\t\t\t\t<div class=\"ur-form-grid ur-grid-1\"\n\t\t\t\t\t\t\t\t\t\t\t style=\"width:30%\">\n\t\t\t\t\t\t\t\t\t\t\t\t\t\t\t\t\t\t\t\t\t\t\t\t<div  data-field-id=\"html_1636452071\" class=\"ur-field-item field-html \">\n\t\t\t\t\t\t\t\t\t\t\t\t\t<p class=\"form-row \" id=\"html_1636452071\" data-priority=\"\">Telefonnummer:* <input type=\"hidden\" data-rules=\"\" data-id=\"html_1636452071\" value=\"\" class=\" ur-frontend-field \" name=\"html_1636452071\" id=\"html_1636452071\" \/> <span id=\"html_1636452071\"><\/span><\/p>\t\t\t\t\t\t\t\t\t\t\t\t\t\t\t<\/div>\n\t\t\t\t\t\t\t\t\t\t\t\t\t\t\t\t\t\t\t\t\t\t\t<\/div>\n\t\t\t\t\t\t\t\t\t\t\t\t\t\t\t\t\t\t\t<div class=\"ur-form-grid ur-grid-2\"\n\t\t\t\t\t\t\t\t\t\t\t style=\"width:30%\">\n\t\t\t\t\t\t\t\t\t\t\t\t\t\t\t\t\t\t\t\t\t\t\t\t<div  data-field-id=\"number_box_1636455702\" class=\"ur-field-item field-number \">\n\t\t\t\t\t\t\t\t\t\t\t\t\t<div class=\"form-row validate-required\" id=\"number_box_1636455702_field\" data-priority=\"\" ><label for=\"number_box_1636455702\" class=\"ur-label\">Telefonnummer <abbr class=\"required\" title=\"required\">*<\/abbr><\/label> <span class=\"input-wrapper\"> <input data-rules=\"\" data-id=\"number_box_1636455702\" type=\"number\" class=\"input-text without_icon input-number ur-frontend-field  \" name=\"number_box_1636455702\" id=\"number_box_1636455702\" placeholder=\"\"  value=\"\" required=\"required\" data-label=\"Telefonnummer\" step=\"1\" \/> <\/span> <\/div>\t\t\t\t\t\t\t\t\t\t\t\t\t\t\t<\/div>\n\t\t\t\t\t\t\t\t\t\t\t\t\t\t\t\t\t\t\t\t\t\t\t<\/div>\n\t\t\t\t\t\t\t\t\t\t\t\t\t\t\t\t\t\t\t<div class=\"ur-form-grid ur-grid-3\"\n\t\t\t\t\t\t\t\t\t\t\t style=\"width:30%\">\n\t\t\t\t\t\t\t\t\t\t\t\t\t\t\t\t\t\t\t<\/div>\n\t\t\t\t\t\t\t\t\t\t\t\t\t\t\t<\/div>\n\t\t\t\t\t\t\t\t\t\t<div class='ur-form-row'>\n\t\t\t\t\t\t\t\t\t\t\t\t\t\t\t\t<div class=\"ur-form-grid ur-grid-1\"\n\t\t\t\t\t\t\t\t\t\t\t style=\"width:30%\">\n\t\t\t\t\t\t\t\t\t\t\t\t\t\t\t\t\t\t\t\t\t\t\t\t<div  data-field-id=\"html_1636457359613\" class=\"ur-field-item field-html \">\n\t\t\t\t\t\t\t\t\t\t\t\t\t<p class=\"form-row \" id=\"html_1636457359613\" data-priority=\"\">E-Mail-Addresse:* <input type=\"hidden\" data-rules=\"\" data-id=\"html_1636457359613\" value=\"\" class=\" ur-frontend-field \" name=\"html_1636457359613\" id=\"html_1636457359613\" \/> <span id=\"html_1636457359613\"><\/span><\/p>\t\t\t\t\t\t\t\t\t\t\t\t\t\t\t<\/div>\n\t\t\t\t\t\t\t\t\t\t\t\t\t\t\t\t\t\t\t\t\t\t\t<\/div>\n\t\t\t\t\t\t\t\t\t\t\t\t\t\t\t\t\t\t\t<div class=\"ur-form-grid ur-grid-2\"\n\t\t\t\t\t\t\t\t\t\t\t style=\"width:30%\">\n\t\t\t\t\t\t\t\t\t\t\t\t\t\t\t\t\t\t\t\t\t\t\t\t<div  data-field-id=\"user_email\" class=\"ur-field-item field-user_email \">\n\t\t\t\t\t\t\t\t\t\t\t\t\t<div class=\"form-row validate-required\" id=\"user_email_field\" data-priority=\"\" ><label for=\"user_email\" class=\"ur-label\">E-mail <abbr class=\"required\" title=\"required\">*<\/abbr><\/label> <span class=\"input-wrapper\"> <input data-rules=\"\" data-id=\"user_email\" type=\"email\" class=\"input-text without_icon input-email ur-frontend-field  \" name=\"user_email\" id=\"user_email\" placeholder=\"\"  value=\"\" required=\"required\" data-label=\"E-mail\" \/> <\/span> <\/div>\t\t\t\t\t\t\t\t\t\t\t\t\t\t\t<\/div>\n\t\t\t\t\t\t\t\t\t\t\t\t\t\t\t\t\t\t\t\t\t\t\t<\/div>\n\t\t\t\t\t\t\t\t\t\t\t\t\t\t\t\t\t\t\t<div class=\"ur-form-grid ur-grid-3\"\n\t\t\t\t\t\t\t\t\t\t\t style=\"width:30%\">\n\t\t\t\t\t\t\t\t\t\t\t\t\t\t\t\t\t\t\t\t\t\t\t\t<div  data-field-id=\"user_login\" class=\"ur-field-item field-user_login \">\n\t\t\t\t\t\t\t\t\t\t\t\t\t<div class=\"form-row validate-required\" id=\"user_login_field\" data-priority=\"\" ><label for=\"user_login\" class=\"ur-label\">Nutzername <abbr class=\"required\" title=\"required\">*<\/abbr><\/label> <span class=\"input-wrapper\"> <input data-rules=\"\" data-id=\"user_login\" type=\"text\" class=\"input-text without_icon input-text ur-frontend-field  \" name=\"user_login\" id=\"user_login\" placeholder=\"\"  value=\"\" required=\"required\" data-label=\"Nutzername\" data-username-character=\"yes\"\/> <\/span> <\/div>\t\t\t\t\t\t\t\t\t\t\t\t\t\t\t<\/div>\n\t\t\t\t\t\t\t\t\t\t\t\t\t\t\t\t\t\t\t\t\t\t\t<\/div>\n\t\t\t\t\t\t\t\t\t\t\t\t\t\t\t<\/div>\n\t\t\t\t\t\t\t\t\t\t<div class='ur-form-row'>\n\t\t\t\t\t\t\t\t\t\t\t\t\t\t\t\t<div class=\"ur-form-grid ur-grid-1\"\n\t\t\t\t\t\t\t\t\t\t\t style=\"width:30%\">\n\t\t\t\t\t\t\t\t\t\t\t\t\t\t\t\t\t\t\t\t\t\t\t\t<div  data-field-id=\"html_1636457471621\" class=\"ur-field-item field-html \">\n\t\t\t\t\t\t\t\t\t\t\t\t\t<p class=\"form-row \" id=\"html_1636457471621\" data-priority=\"\">Passwort:* <input type=\"hidden\" data-rules=\"\" data-id=\"html_1636457471621\" value=\"\" class=\" ur-frontend-field \" name=\"html_1636457471621\" id=\"html_1636457471621\" \/> <span id=\"html_1636457471621\"><\/span><\/p>\t\t\t\t\t\t\t\t\t\t\t\t\t\t\t<\/div>\n\t\t\t\t\t\t\t\t\t\t\t\t\t\t\t\t\t\t\t\t\t\t\t<\/div>\n\t\t\t\t\t\t\t\t\t\t\t\t\t\t\t\t\t\t\t<div class=\"ur-form-grid ur-grid-2\"\n\t\t\t\t\t\t\t\t\t\t\t style=\"width:30%\">\n\t\t\t\t\t\t\t\t\t\t\t\t\t\t\t\t\t\t\t\t\t\t\t\t<div  data-field-id=\"user_pass\" class=\"ur-field-item field-user_pass \">\n\t\t\t\t\t\t\t\t\t\t\t\t\t<div class=\"form-row validate-required hide_show_password\" id=\"user_pass_field\" data-priority=\"\"><label for=\"user_pass\" class=\"ur-label\">Passwort <abbr class=\"required\" title=\"required\">*<\/abbr><\/label> <span class=\"input-wrapper\"> <span class=\"password-input-group input-form-field-icons\"><input data-rules=\"\" data-id=\"user_pass\" type=\"password\" class=\"input-text without_icon input-password ur-frontend-field  \" name=\"user_pass\" id=\"user_pass\" placeholder=\"\"  value=\"\" required=\"required\" data-label=\"Passwort\" \/><\/span> <\/span> <\/div>\t\t\t\t\t\t\t\t\t\t\t\t\t\t\t<\/div>\n\t\t\t\t\t\t\t\t\t\t\t\t\t\t\t\t\t\t\t\t\t\t\t<\/div>\n\t\t\t\t\t\t\t\t\t\t\t\t\t\t\t\t\t\t\t<div class=\"ur-form-grid ur-grid-3\"\n\t\t\t\t\t\t\t\t\t\t\t style=\"width:30%\">\n\t\t\t\t\t\t\t\t\t\t\t\t\t\t\t\t\t\t\t\t\t\t\t\t<div  data-field-id=\"user_confirm_password\" class=\"ur-field-item field-user_confirm_password \">\n\t\t\t\t\t\t\t\t\t\t\t\t\t<div class=\"form-row validate-required hide_show_password\" id=\"user_confirm_password_field\" data-priority=\"\"><label for=\"user_confirm_password\" class=\"ur-label\">Kennwort best\u00e4tigen <abbr class=\"required\" title=\"required\">*<\/abbr><\/label> <span class=\"input-wrapper\"> <span class=\"password-input-group input-form-field-icons\"><input data-rules=\"\" data-id=\"user_confirm_password\" type=\"password\" class=\"input-text without_icon input-password ur-frontend-field  \" name=\"user_confirm_password\" id=\"user_confirm_password\" placeholder=\"\"  value=\"\" required=\"required\" data-label=\"Kennwort best\u00e4tigen\" \/><\/span> <\/span> <\/div>\t\t\t\t\t\t\t\t\t\t\t\t\t\t\t<\/div>\n\t\t\t\t\t\t\t\t\t\t\t\t\t\t\t\t\t\t\t\t\t\t\t<\/div>\n\t\t\t\t\t\t\t\t\t\t\t\t\t\t\t<\/div>\n\t\t\t\t\t\t\t\t\t\t<div class='ur-form-row'>\n\t\t\t\t\t\t\t\t\t\t\t\t\t\t\t\t<div class=\"ur-form-grid ur-grid-1\"\n\t\t\t\t\t\t\t\t\t\t\t style=\"width:30%\">\n\t\t\t\t\t\t\t\t\t\t\t\t\t\t\t\t\t\t\t\t\t\t\t\t<div  data-field-id=\"html_1636457866734\" class=\"ur-field-item field-html \">\n\t\t\t\t\t\t\t\t\t\t\t\t\t<p class=\"form-row \" id=\"html_1636457866734\" data-priority=\"\">Die Anschrift:* <input type=\"hidden\" data-rules=\"\" data-id=\"html_1636457866734\" value=\"\" class=\" ur-frontend-field \" name=\"html_1636457866734\" id=\"html_1636457866734\" \/> <span id=\"html_1636457866734\"><\/span><\/p>\t\t\t\t\t\t\t\t\t\t\t\t\t\t\t<\/div>\n\t\t\t\t\t\t\t\t\t\t\t\t\t\t\t\t\t\t\t\t\t\t\t<\/div>\n\t\t\t\t\t\t\t\t\t\t\t\t\t\t\t\t\t\t\t<div class=\"ur-form-grid ur-grid-2\"\n\t\t\t\t\t\t\t\t\t\t\t style=\"width:30%\">\n\t\t\t\t\t\t\t\t\t\t\t\t\t\t\t\t\t\t\t\t\t\t\t\t<div  data-field-id=\"input_box_1636457704\" class=\"ur-field-item field-text \">\n\t\t\t\t\t\t\t\t\t\t\t\t\t<div class=\"form-row validate-required\" id=\"input_box_1636457704_field\" data-priority=\"\" ><label for=\"input_box_1636457704\" class=\"ur-label\">Adresse <abbr class=\"required\" title=\"required\">*<\/abbr><\/label> <span class=\"input-wrapper\"> <input data-rules=\"\" data-id=\"input_box_1636457704\" type=\"text\" class=\"input-text without_icon input-text ur-frontend-field  \" name=\"input_box_1636457704\" id=\"input_box_1636457704\" placeholder=\"\"  value=\"\" required=\"required\" data-label=\"Adresse\" maxlength=\"20\" \/> <\/span> <\/div>\t\t\t\t\t\t\t\t\t\t\t\t\t\t\t<\/div>\n\t\t\t\t\t\t\t\t\t\t\t\t\t\t\t\t\t\t\t\t\t\t\t\t\t\t\t\t<div  data-field-id=\"input_box_1636457733666\" class=\"ur-field-item field-text \">\n\t\t\t\t\t\t\t\t\t\t\t\t\t<div class=\"form-row validate-required\" id=\"input_box_1636457733666_field\" data-priority=\"\" ><label for=\"input_box_1636457733666\" class=\"ur-label\">Bundesland \/ Provinz <abbr class=\"required\" title=\"required\">*<\/abbr><\/label> <span class=\"input-wrapper\"> <input data-rules=\"\" data-id=\"input_box_1636457733666\" type=\"text\" class=\"input-text without_icon input-text ur-frontend-field  \" name=\"input_box_1636457733666\" id=\"input_box_1636457733666\" placeholder=\"\"  value=\"\" required=\"required\" data-label=\"Bundesland \/ Provinz\" maxlength=\"20\" \/> <\/span> <\/div>\t\t\t\t\t\t\t\t\t\t\t\t\t\t\t<\/div>\n\t\t\t\t\t\t\t\t\t\t\t\t\t\t\t\t\t\t\t\t\t\t\t<\/div>\n\t\t\t\t\t\t\t\t\t\t\t\t\t\t\t\t\t\t\t<div class=\"ur-form-grid ur-grid-3\"\n\t\t\t\t\t\t\t\t\t\t\t style=\"width:30%\">\n\t\t\t\t\t\t\t\t\t\t\t\t\t\t\t\t\t\t\t\t\t\t\t\t<div  data-field-id=\"input_box_1636457723599\" class=\"ur-field-item field-text \">\n\t\t\t\t\t\t\t\t\t\t\t\t\t<div class=\"form-row validate-required\" id=\"input_box_1636457723599_field\" data-priority=\"\" ><label for=\"input_box_1636457723599\" class=\"ur-label\">Stadt <abbr class=\"required\" title=\"required\">*<\/abbr><\/label> <span class=\"input-wrapper\"> <input data-rules=\"\" data-id=\"input_box_1636457723599\" type=\"text\" class=\"input-text without_icon input-text ur-frontend-field  \" name=\"input_box_1636457723599\" id=\"input_box_1636457723599\" placeholder=\"\"  value=\"\" required=\"required\" data-label=\"Stadt\" maxlength=\"20\" \/> <\/span> <\/div>\t\t\t\t\t\t\t\t\t\t\t\t\t\t\t<\/div>\n\t\t\t\t\t\t\t\t\t\t\t\t\t\t\t\t\t\t\t\t\t\t\t\t\t\t\t\t<div  data-field-id=\"input_box_1636457736829\" class=\"ur-field-item field-text \">\n\t\t\t\t\t\t\t\t\t\t\t\t\t<div class=\"form-row validate-required\" id=\"input_box_1636457736829_field\" data-priority=\"\" ><label for=\"input_box_1636457736829\" class=\"ur-label\">Postleitzahl\/Postleitzahl <abbr class=\"required\" title=\"required\">*<\/abbr><\/label> <span class=\"input-wrapper\"> <input data-rules=\"\" data-id=\"input_box_1636457736829\" type=\"text\" class=\"input-text without_icon input-text ur-frontend-field  \" name=\"input_box_1636457736829\" id=\"input_box_1636457736829\" placeholder=\"\"  value=\"\" required=\"required\" data-label=\"Postleitzahl\/Postleitzahl\" maxlength=\"20\" \/> <\/span> <\/div>\t\t\t\t\t\t\t\t\t\t\t\t\t\t\t<\/div>\n\t\t\t\t\t\t\t\t\t\t\t\t\t\t\t\t\t\t\t\t\t\t\t<\/div>\n\t\t\t\t\t\t\t\t\t\t\t\t\t\t\t<\/div>\n\t\t\t\t\t\t\t\t\t\t<div class='ur-form-row'>\n\t\t\t\t\t\t\t\t\t\t\t\t\t\t\t\t<div class=\"ur-form-grid ur-grid-1\"\n\t\t\t\t\t\t\t\t\t\t\t style=\"width:30%\">\n\t\t\t\t\t\t\t\t\t\t\t\t\t\t\t\t\t\t\t\t\t\t\t\t<div  data-field-id=\"html_1636457641879\" class=\"ur-field-item field-html \">\n\t\t\t\t\t\t\t\t\t\t\t\t\t<p class=\"form-row \" id=\"html_1636457641879\" data-priority=\"\">Beschreiben Sie Ihre F\u00e4higkeiten:* <input type=\"hidden\" data-rules=\"\" data-id=\"html_1636457641879\" value=\"\" class=\" ur-frontend-field \" name=\"html_1636457641879\" id=\"html_1636457641879\" \/> <span id=\"html_1636457641879\"><\/span><\/p>\t\t\t\t\t\t\t\t\t\t\t\t\t\t\t<\/div>\n\t\t\t\t\t\t\t\t\t\t\t\t\t\t\t\t\t\t\t\t\t\t\t<\/div>\n\t\t\t\t\t\t\t\t\t\t\t\t\t\t\t\t\t\t\t<div class=\"ur-form-grid ur-grid-2\"\n\t\t\t\t\t\t\t\t\t\t\t style=\"width:30%\">\n\t\t\t\t\t\t\t\t\t\t\t\t\t\t\t\t\t\t\t\t\t\t\t\t<div  data-field-id=\"textarea_1636457864\" class=\"ur-field-item field-textarea \">\n\t\t\t\t\t\t\t\t\t\t\t\t\t<div class=\"form-row \" id=\"textarea_1636457864_field\" data-priority=\"\" ><label for=\"textarea_1636457864\" class=\"ur-label\">Beschreibe dich selbst<\/label><textarea data-rules=\"\" data-id=\"textarea_1636457864\" name=\"textarea_1636457864\" class=\"input-text ur-frontend-field  \" id=\"textarea_1636457864\" placeholder=\"\"  rows=\"2\" cols=\"5\"data-label=\"Beschreibe dich selbst\"><\/textarea><\/div>\t\t\t\t\t\t\t\t\t\t\t\t\t\t\t<\/div>\n\t\t\t\t\t\t\t\t\t\t\t\t\t\t\t\t\t\t\t\t\t\t\t<\/div>\n\t\t\t\t\t\t\t\t\t\t\t\t\t\t\t\t\t\t\t<div class=\"ur-form-grid ur-grid-3\"\n\t\t\t\t\t\t\t\t\t\t\t style=\"width:30%\">\n\t\t\t\t\t\t\t\t\t\t\t\t\t\t\t\t\t\t\t<\/div>\n\t\t\t\t\t\t\t\t\t\t\t\t\t\t\t<\/div>\n\t\t\t\t\t\t\t\t\t\t<div class='ur-form-row'>\n\t\t\t\t\t\t\t\t\t\t\t\t\t\t\t\t<div class=\"ur-form-grid ur-grid-1\"\n\t\t\t\t\t\t\t\t\t\t\t style=\"width:99%\">\n\t\t\t\t\t\t\t\t\t\t\t\t\t\t\t\t\t\t\t\t\t\t\t\t<div  data-field-id=\"check_box_1636457980\" class=\"ur-field-item field-checkbox \">\n\t\t\t\t\t\t\t\t\t\t\t\t\t<div class=\"form-row validate-required\" id=\"check_box_1636457980_field\" data-priority=\"\" ><label class=\"ur-label\" required=\"required\" data-label=\"Bedingungen\">Bedingungen <abbr class=\"required\" title=\"required\">*<\/abbr><\/label><ul ><li class=\"ur-checkbox-list\"><input data-rules=\"\" data-id=\"check_box_1636457980\" required=\"required\" data-label=\"Bedingungen\" data-value=\"Mit diesem Formular erkl\u00e4ren Sie sich damit einverstanden, Ihre Daten durch diese Site zu speichern und zu verarbeiten\" type=\"checkbox\" class=\"input-checkbox ur-frontend-field  \" name=\"check_box_1636457980[]\" id=\"check_box_1636457980_Mit diesem Formular erkl\u00e4ren Sie sich damit einverstanden, Ihre Daten durch diese Site zu speichern und zu verarbeiten\" value=\"Mit diesem Formular erkl\u00e4ren Sie sich damit einverstanden, Ihre Daten durch diese Site zu speichern und zu verarbeiten\" \/> <label class=\"ur-checkbox-label\" for=\"check_box_1636457980_Mit diesem Formular erkl\u00e4ren Sie sich damit einverstanden, Ihre Daten durch diese Site zu speichern und zu verarbeiten\">Mit diesem Formular erkl\u00e4ren Sie sich damit einverstanden, Ihre Daten durch diese Site zu speichern und zu verarbeiten<\/label> <\/li><\/ul><\/div>\t\t\t\t\t\t\t\t\t\t\t\t\t\t\t<\/div>\n\t\t\t\t\t\t\t\t\t\t\t\t\t\t\t\t\t\t\t\t\t\t\t<\/div>\n\t\t\t\t\t\t\t\t\t\t\t\t\t\t\t<\/div>\n\t\t\t\t\t\t\t\t\t\t\t\t\t\t<div class=\"ur-button-container \" >\n\t\t\t\t\t\t\t\t\t\t\t\t<button type=\"submit\" class=\"btn button ur-submit-button \">\n\t\t\t\t\t\t\t<span><\/span>\n\t\t\t\t\t\t\tAnwenden\t\t\t\t\t\t<\/button>\n\t\t\t\t\t\t\t\t\t\t\t\t\t\t\t\t\t<\/div>\n\t\t\t\t\t\n\t\t\t<div style=\"clear:both\"><\/div>\n\t\t\t\t\t\t<input type=\"hidden\" name=\"ur-user-form-id\" value=\"6955\"\/>\n\t\t\t<input type=\"hidden\" name=\"ur-redirect-url\" value=\"https:\/\/ahmedrefaay.tqnia.me\/QSource2\/lp-profile\/\"\/>\n\t\t\t<input type=\"hidden\" id=\"ur_frontend_form_nonce\" name=\"ur_frontend_form_nonce\" value=\"4de16f20ea\" \/>\n\t\t\t\t\t<\/form>\n\n\t\t<div style=\"clear:both\"><\/div>\n\t<\/div>\n\t\t<\/div>\n\t\t\t\t<\/div>\n\t\t\t\t\t<\/div>\n\t\t<\/div>\n\t\t\t\t\t\t\t<\/div>\n\t\t<\/section>\n\t\t\t\t\t\t\t<\/div>\n\t\t","protected":false},"excerpt":{"rendered":"<p>Dein Traumjob wartet F\u00fcllen Sie das untenstehende Formular genau aus und geben Sie Ihre Potenziale und Eignung f\u00fcr eine Stellenbewerbung [&hellip;]<\/p>\n","protected":false},"author":1,"featured_media":0,"parent":0,"menu_order":0,"comment_status":"closed","ping_status":"closed","template":"elementor_header_footer","meta":{"footnotes":""},"class_list":["post-6704","page","type-page","status-publish","hentry"],"acf":[],"_links":{"self":[{"href":"https:\/\/ahmedrefaay.tqnia.me\/QSource2\/de\/wp-json\/wp\/v2\/pages\/6704","targetHints":{"allow":["GET"]}}],"collection":[{"href":"https:\/\/ahmedrefaay.tqnia.me\/QSource2\/de\/wp-json\/wp\/v2\/pages"}],"about":[{"href":"https:\/\/ahmedrefaay.tqnia.me\/QSource2\/de\/wp-json\/wp\/v2\/types\/page"}],"author":[{"embeddable":true,"href":"https:\/\/ahmedrefaay.tqnia.me\/QSource2\/de\/wp-json\/wp\/v2\/users\/1"}],"replies":[{"embeddable":true,"href":"https:\/\/ahmedrefaay.tqnia.me\/QSource2\/de\/wp-json\/wp\/v2\/comments?post=6704"}],"version-history":[{"count":42,"href":"https:\/\/ahmedrefaay.tqnia.me\/QSource2\/de\/wp-json\/wp\/v2\/pages\/6704\/revisions"}],"predecessor-version":[{"id":6995,"href":"https:\/\/ahmedrefaay.tqnia.me\/QSource2\/de\/wp-json\/wp\/v2\/pages\/6704\/revisions\/6995"}],"wp:attachment":[{"href":"https:\/\/ahmedrefaay.tqnia.me\/QSource2\/de\/wp-json\/wp\/v2\/media?parent=6704"}],"curies":[{"name":"wp","href":"https:\/\/api.w.org\/{rel}","templated":true}]}}